{"id":525,"date":"2025-11-10T14:09:52","date_gmt":"2025-11-10T14:09:52","guid":{"rendered":"https:\/\/hotelallora.hu\/?page_id=525"},"modified":"2026-05-04T07:49:01","modified_gmt":"2026-05-04T07:49:01","slug":"rolunk","status":"publish","type":"page","link":"https:\/\/hotelallora.hu\/en\/rolunk\/","title":{"rendered":"About Us"},"content":{"rendered":"<div data-elementor-type=\"wp-page\" data-elementor-id=\"525\" class=\"elementor elementor-525\">\n\t\t\t\t<div class=\"elementor-element elementor-element-2676242 e-flex e-con-boxed wpr-particle-no wpr-jarallax-no wpr-parallax-no wpr-sticky-section-no e-con e-parent\" data-id=\"2676242\" data-element_type=\"container\" data-settings=\"{&quot;background_background&quot;:&quot;classic&quot;,&quot;shape_divider_top&quot;:&quot;opacity-fan&quot;}\">\n\t\t\t\t\t<div class=\"e-con-inner\">\n\t\t\t\t<div class=\"elementor-shape elementor-shape-top\" aria-hidden=\"true\" data-negative=\"false\">\n\t\t\t<svg xmlns=\"http:\/\/www.w3.org\/2000\/svg\" viewbox=\"0 0 283.5 19.6\" preserveaspectratio=\"none\">\n\t<path class=\"elementor-shape-fill\" style=\"opacity:0.33\" d=\"M0 0L0 18.8 141.8 4.1 283.5 18.8 283.5 0z\"\/>\n\t<path class=\"elementor-shape-fill\" style=\"opacity:0.33\" d=\"M0 0L0 12.6 141.8 4 283.5 12.6 283.5 0z\"\/>\n\t<path class=\"elementor-shape-fill\" style=\"opacity:0.33\" d=\"M0 0L0 6.4 141.8 4 283.5 6.4 283.5 0z\"\/>\n\t<path class=\"elementor-shape-fill\" d=\"M0 0L0 1.2 141.8 4 283.5 1.2 283.5 0z\"\/>\n<\/svg>\t\t<\/div>\n\t\t<div class=\"elementor-element elementor-element-f139511 e-con-full e-flex wpr-particle-no wpr-jarallax-no wpr-parallax-no wpr-sticky-section-no e-con e-child\" data-id=\"f139511\" data-element_type=\"container\">\n\t\t\t\t<div class=\"elementor-element elementor-element-ce98d83 elementor-widget elementor-widget-text-editor\" data-id=\"ce98d83\" data-element_type=\"widget\" data-settings=\"{&quot;htmega_fe&quot;:&quot;no&quot;}\" data-widget_type=\"text-editor.default\">\n\t\t\t\t\t\t\t\t\t<p>About Us<\/p>\t\t\t\t\t\t\t\t<\/div>\n\t\t\t\t<\/div>\n\t\t\t\t\t<\/div>\n\t\t\t\t<\/div>\n\t\t<div class=\"elementor-element elementor-element-04bd4c0 e-flex e-con-boxed wpr-particle-no wpr-jarallax-no wpr-parallax-no wpr-sticky-section-no e-con e-parent\" data-id=\"04bd4c0\" data-element_type=\"container\">\n\t\t\t\t\t<div class=\"e-con-inner\">\n\t\t\t\t<div class=\"elementor-element elementor-element-5cb2a46 elementor-widget elementor-widget-text-editor\" data-id=\"5cb2a46\" data-element_type=\"widget\" data-settings=\"{&quot;htmega_fe&quot;:&quot;no&quot;}\" data-widget_type=\"text-editor.default\">\n\t\t\t\t\t\t\t\t\t<p>Hotel Allora \u2013 Kispest's hidden gem<\/p>\t\t\t\t\t\t\t\t<\/div>\n\t\t\t\t\t<\/div>\n\t\t\t\t<\/div>\n\t\t<div class=\"elementor-element elementor-element-b7d9ef5 e-flex e-con-boxed wpr-particle-no wpr-jarallax-no wpr-parallax-no wpr-sticky-section-no e-con e-parent\" data-id=\"b7d9ef5\" data-element_type=\"container\">\n\t\t\t\t\t<div class=\"e-con-inner\">\n\t\t\t\t<div class=\"elementor-element elementor-element-56e04d7 elementor-widget elementor-widget-text-editor\" data-id=\"56e04d7\" data-element_type=\"widget\" data-settings=\"{&quot;htmega_fe&quot;:&quot;no&quot;}\" data-widget_type=\"text-editor.default\">\n\t\t\t\t\t\t\t\t\t<p>Welcome to Hotel Allora, Budapest's 4-star, 62-room hotel, where modern elegance meets the dolce vita lifestyle. Whether you are traveling for business or pleasure, we have everything you need to recharge your batteries: stylish rooms, 24-hour reception, free Wi-Fi, and a generous breakfast.<\/p>\t\t\t\t\t\t\t\t<\/div>\n\t\t\t\t<div class=\"elementor-element elementor-element-c8f6f6c elementor-widget elementor-widget-text-editor\" data-id=\"c8f6f6c\" data-element_type=\"widget\" data-settings=\"{&quot;htmega_fe&quot;:&quot;no&quot;}\" data-widget_type=\"text-editor.default\">\n\t\t\t\t\t\t\t\t\tWant to stay in shape? Visit our fitness room.\t\t\t\t\t\t\t\t<\/div>\n\t\t\t\t<div class=\"elementor-element elementor-element-14c93dd elementor-widget elementor-widget-text-editor\" data-id=\"14c93dd\" data-element_type=\"widget\" data-settings=\"{&quot;htmega_fe&quot;:&quot;no&quot;}\" data-widget_type=\"text-editor.default\">\n\t\t\t\t\t\t\t\t\t<p>With us, you don't have to give up your favorite game during your vacation. Choose our Gamer room category.<\/p>\t\t\t\t\t\t\t\t<\/div>\n\t\t\t\t<div class=\"elementor-element elementor-element-5c61cc8 elementor-widget elementor-widget-text-editor translation-block\" data-id=\"5c61cc8\" data-element_type=\"widget\" data-settings=\"{&quot;htmega_fe&quot;:&quot;no&quot;}\" data-widget_type=\"text-editor.default\">Looking for a gastronomic experience? Our restaurant's show kitchen awaits you with freshly prepared dishes!<\/div>\n\t\t\t\t<div class=\"elementor-element elementor-element-79cebca elementor-widget elementor-widget-text-editor translation-block\" data-id=\"79cebca\" data-element_type=\"widget\" data-settings=\"{&quot;htmega_fe&quot;:&quot;no&quot;}\" data-widget_type=\"text-editor.default\">For sweet moments, stop by our pastry shop for a divine cake and coffee.<\/div>\n\t\t\t\t<div class=\"elementor-element elementor-element-ecdb9d9 elementor-widget elementor-widget-text-editor\" data-id=\"ecdb9d9\" data-element_type=\"widget\" data-settings=\"{&quot;htmega_fe&quot;:&quot;no&quot;}\" data-widget_type=\"text-editor.default\">\n\t\t\t\t\t\t\t\t\t<blockquote><div><div><div><div>Want to relax a little? Try our Gamer room, where a PlayStation console awaits you \u2013 the perfect choice for a little gaming rejuvenation.<\/div><\/div><\/div><\/div><\/blockquote>\t\t\t\t\t\t\t\t<\/div>\n\t\t\t\t<div class=\"elementor-element elementor-element-bbc7312 elementor-widget elementor-widget-text-editor\" data-id=\"bbc7312\" data-element_type=\"widget\" data-settings=\"{&quot;htmega_fe&quot;:&quot;no&quot;}\" data-widget_type=\"text-editor.default\">\n\t\t\t\t\t\t\t\t\tExcellent transport links, free parking, shuttle service, and a friendly team \u2013 we have everything you need to make your stay a truly enjoyable experience.\t\t\t\t\t\t\t\t<\/div>\n\t\t\t\t<div class=\"elementor-element elementor-element-0965156 elementor-widget elementor-widget-text-editor\" data-id=\"0965156\" data-element_type=\"widget\" data-settings=\"{&quot;htmega_fe&quot;:&quot;no&quot;}\" data-widget_type=\"text-editor.default\">\n\t\t\t\t\t\t\t\t\tFrom our standard rooms to our family suites, every guest will find the room that suits them best.\t\t\t\t\t\t\t\t<\/div>\n\t\t\t\t\t<\/div>\n\t\t\t\t<\/div>\n\t\t<div class=\"elementor-element elementor-element-42023ee e-flex e-con-boxed wpr-particle-no wpr-jarallax-no wpr-parallax-no wpr-sticky-section-no e-con e-parent\" data-id=\"42023ee\" data-element_type=\"container\" data-settings=\"{&quot;background_background&quot;:&quot;classic&quot;}\">\n\t\t\t\t\t<div class=\"e-con-inner\">\n\t\t\t\t<div class=\"elementor-element elementor-element-b2d1bb1 elementor-arrows-position-outside elementor-pagination-position-outside elementor-widget elementor-widget-image-carousel\" data-id=\"b2d1bb1\" data-element_type=\"widget\" data-settings=\"{&quot;slides_to_show&quot;:&quot;1&quot;,&quot;navigation&quot;:&quot;both&quot;,&quot;autoplay&quot;:&quot;yes&quot;,&quot;pause_on_hover&quot;:&quot;yes&quot;,&quot;pause_on_interaction&quot;:&quot;yes&quot;,&quot;autoplay_speed&quot;:5000,&quot;infinite&quot;:&quot;yes&quot;,&quot;effect&quot;:&quot;slide&quot;,&quot;speed&quot;:500,&quot;htmega_fe&quot;:&quot;no&quot;}\" data-widget_type=\"image-carousel.default\">\n\t\t\t\t\t\t\t<div class=\"elementor-image-carousel-wrapper swiper\" role=\"region\" aria-roledescription=\"carousel\" aria-label=\"Image Carousel\" dir=\"ltr\">\n\t\t\t<div class=\"elementor-image-carousel swiper-wrapper swiper-image-stretch\" aria-live=\"off\">\n\t\t\t\t\t\t\t\t<div class=\"swiper-slide\" role=\"group\" aria-roledescription=\"slide\" aria-label=\"1 of 7\" data-no-translation-aria-label=\"\"><figure class=\"swiper-slide-inner\"><img decoding=\"async\" class=\"swiper-slide-image\" src=\"https:\/\/hotelallora.hu\/wp-content\/uploads\/2025\/11\/0070-AR5A5525-HDR.jpg-1024x683.jpg\" alt=\"0070- AR5A5525-HDR.jpg\" \/><\/figure><\/div><div class=\"swiper-slide\" role=\"group\" aria-roledescription=\"slide\" aria-label=\"2 of 7\" data-no-translation-aria-label=\"\"><figure class=\"swiper-slide-inner\"><img decoding=\"async\" class=\"swiper-slide-image\" src=\"https:\/\/hotelallora.hu\/wp-content\/uploads\/2025\/11\/Hotel_Allora-028-1-1024x683.jpg\" alt=\"Hotel_Allora-028\" \/><\/figure><\/div><div class=\"swiper-slide\" role=\"group\" aria-roledescription=\"slide\" aria-label=\"3 of 7\" data-no-translation-aria-label=\"\"><figure class=\"swiper-slide-inner\"><img decoding=\"async\" class=\"swiper-slide-image\" src=\"https:\/\/hotelallora.hu\/wp-content\/uploads\/2025\/11\/Hotel_Allora-030-2-1024x683.webp\" alt=\"Hotel_Allora-030\" \/><\/figure><\/div><div class=\"swiper-slide\" role=\"group\" aria-roledescription=\"slide\" aria-label=\"4 of 7\" data-no-translation-aria-label=\"\"><figure class=\"swiper-slide-inner\"><img decoding=\"async\" class=\"swiper-slide-image\" src=\"https:\/\/hotelallora.hu\/wp-content\/uploads\/2025\/11\/0064-AR5A5495-HDR.jpg-1024x683.jpg\" alt=\"0064- AR5A5495-HDR.jpg\" \/><\/figure><\/div><div class=\"swiper-slide\" role=\"group\" aria-roledescription=\"slide\" aria-label=\"5 of 7\" data-no-translation-aria-label=\"\"><figure class=\"swiper-slide-inner\"><img decoding=\"async\" class=\"swiper-slide-image\" src=\"https:\/\/hotelallora.hu\/wp-content\/uploads\/2025\/11\/0047-AR5A5235-HDR.jpg-1024x683.jpg\" alt=\"0047- AR5A5235-HDR.jpg\" \/><\/figure><\/div><div class=\"swiper-slide\" role=\"group\" aria-roledescription=\"slide\" aria-label=\"6 of 7\" data-no-translation-aria-label=\"\"><figure class=\"swiper-slide-inner\"><img decoding=\"async\" class=\"swiper-slide-image\" src=\"https:\/\/hotelallora.hu\/wp-content\/uploads\/2025\/11\/0050-AR5A5290-HDR.jpg-1-1024x683.jpg\" alt=\"0050- AR5A5290-HDR.jpg (1)\" \/><\/figure><\/div><div class=\"swiper-slide\" role=\"group\" aria-roledescription=\"slide\" aria-label=\"7 of 7\" data-no-translation-aria-label=\"\"><figure class=\"swiper-slide-inner\"><img decoding=\"async\" class=\"swiper-slide-image\" src=\"https:\/\/hotelallora.hu\/wp-content\/uploads\/2025\/11\/0079-AR5A5655-HDR.jpg-1024x683.jpg\" alt=\"0079- AR5A5655-HDR.jpg\" \/><\/figure><\/div>\t\t\t<\/div>\n\t\t\t\t\t\t\t\t\t\t\t\t<div class=\"elementor-swiper-button elementor-swiper-button-prev\" role=\"button\" tabindex=\"0\">\n\t\t\t\t\t\t<svg aria-hidden=\"true\" class=\"e-font-icon-svg e-eicon-chevron-left\" viewbox=\"0 0 1000 1000\" xmlns=\"http:\/\/www.w3.org\/2000\/svg\"><path d=\"M646 125C629 125 613 133 604 142L308 442C296 454 292 471 292 487 292 504 296 521 308 533L604 854C617 867 629 875 646 875 663 875 679 871 692 858 704 846 713 829 713 812 713 796 708 779 692 767L438 487 692 225C700 217 708 204 708 187 708 171 704 154 692 142 675 129 663 125 646 125Z\"><\/path><\/svg>\t\t\t\t\t<\/div>\n\t\t\t\t\t<div class=\"elementor-swiper-button elementor-swiper-button-next\" role=\"button\" tabindex=\"0\">\n\t\t\t\t\t\t<svg aria-hidden=\"true\" class=\"e-font-icon-svg e-eicon-chevron-right\" viewbox=\"0 0 1000 1000\" xmlns=\"http:\/\/www.w3.org\/2000\/svg\"><path d=\"M696 533C708 521 713 504 713 487 713 471 708 454 696 446L400 146C388 133 375 125 354 125 338 125 325 129 313 142 300 154 292 171 292 187 292 204 296 221 308 233L563 492 304 771C292 783 288 800 288 817 288 833 296 850 308 863 321 871 338 875 354 875 371 875 388 867 400 854L696 533Z\"><\/path><\/svg>\t\t\t\t\t<\/div>\n\t\t\t\t\n\t\t\t\t\t\t\t\t\t<div class=\"swiper-pagination\"><\/div>\n\t\t\t\t\t\t\t\t\t<\/div>\n\t\t\t\t\t\t<\/div>\n\t\t\t\t\t<\/div>\n\t\t\t\t<\/div>\n\t\t<div class=\"elementor-element elementor-element-c9f6494 e-flex e-con-boxed wpr-particle-no wpr-jarallax-no wpr-parallax-no wpr-sticky-section-no e-con e-parent\" data-id=\"c9f6494\" data-element_type=\"container\">\n\t\t\t\t\t<div class=\"e-con-inner\">\n\t\t\t\t<div class=\"elementor-element elementor-element-0a57ec0 elementor-widget__width-initial elementor-widget elementor-widget-text-editor\" data-id=\"0a57ec0\" data-element_type=\"widget\" data-settings=\"{&quot;htmega_fe&quot;:&quot;no&quot;}\" data-widget_type=\"text-editor.default\">\n\t\t\t\t\t\t\t\t\tHotel Allora \u2013 Where tranquility and style go hand in hand.\t\t\t\t\t\t\t\t<\/div>\n\t\t\t\t\t<\/div>\n\t\t\t\t<\/div>\n\t\t\t\t<\/div>","protected":false},"excerpt":{"rendered":"<p>R\u00f3lunk Hotel Allora \u2013 Kispest rejtett gy\u00f6ngyszeme \u00dcdv\u00f6zl\u00fcnk a Hotel Allor\u00e1ban, Budapest 4 csillagos, 62 szob\u00e1s sz\u00e1llod\u00e1j\u00e1ban, ahol a modern elegancia \u00e9s a dolce vita \u00e9let\u00e9rz\u00e9s tal\u00e1lkozik! Legyen sz\u00f3 \u00fczleti \u00fatr\u00f3l vagy pihen\u00e9sr\u0151l, n\u00e1lunk minden adott a felt\u00f6lt\u0151d\u00e9shez: st\u00edlusos szob\u00e1k, 24 \u00f3r\u00e1s recepci\u00f3, ingyenes Wi-Fi, \u00e9s b\u0151s\u00e9ges reggeli. Form\u00e1ban maradn\u00e1l? L\u00e1togasd meg fitneszterm\u00fcnket! N\u00e1lunk nem kell lemondanom pihen\u00e9sed alatt sem kedvenc j\u00e1t\u00e9kodr\u00f3l! V\u00e1laszd a Gamer lak\u00f3oszt\u00e1lyunkat! Gasztron\u00f3miai \u00e9lm\u00e9nyre v\u00e1gysz? \u00c9tterm\u00fcnk l\u00e1tv\u00e1nykonyh\u00e1ja frissen k\u00e9sz\u00fcl\u0151 fog\u00e1sokkal v\u00e1r!\u00c9des pillanatok\u00e9rt t\u00e9rj be cukr\u00e1szd\u00e1nkba egy isteni s\u00fctem\u00e9nyre \u00e9s k\u00e1v\u00e9ra! Kikapcsol\u00f3dn\u00e1l egy kicsit? Pr\u00f3b\u00e1ld ki Gamer szob\u00e1nkat, ahol PlayStation konzol v\u00e1r \u2013 t\u00f6k\u00e9letes v\u00e1laszt\u00e1s egy kis j\u00e1t\u00e9kos felt\u00f6lt\u0151d\u00e9shez! Kiv\u00e1l\u00f3 k\u00f6zleked\u00e9si kapcsolatok, ingyenes parkol\u00e1s, transzfer lehet\u0151s\u00e9g, \u00e9s bar\u00e1ts\u00e1gos csapat \u2013 n\u00e1lunk minden k\u00e9zn\u00e9l van, hogy a pihen\u00e9s val\u00f3di \u00e9lm\u00e9nny\u00e9 v\u00e1ljon.Standard szob\u00e1inkt\u00f3l eg\u00e9szen a csal\u00e1di lakoszt\u00e1lyig minden vend\u00e9g\u00fcnk megtal\u00e1lja a hozz\u00e1 legink\u00e1bb ill\u0151 szob\u00e1t. Hotel Allora \u2013 Ahol a nyugalom \u00e9s a st\u00edlus k\u00e9z a k\u00e9zben j\u00e1r.<\/p>","protected":false},"author":1,"featured_media":0,"parent":0,"menu_order":0,"comment_status":"closed","ping_status":"closed","template":"elementor_canvas","meta":{"_eb_attr":"","footnotes":""},"class_list":["post-525","page","type-page","status-publish","hentry"],"_links":{"self":[{"href":"https:\/\/hotelallora.hu\/en\/wp-json\/wp\/v2\/pages\/525","targetHints":{"allow":["GET"]}}],"collection":[{"href":"https:\/\/hotelallora.hu\/en\/wp-json\/wp\/v2\/pages"}],"about":[{"href":"https:\/\/hotelallora.hu\/en\/wp-json\/wp\/v2\/types\/page"}],"author":[{"embeddable":true,"href":"https:\/\/hotelallora.hu\/en\/wp-json\/wp\/v2\/users\/1"}],"replies":[{"embeddable":true,"href":"https:\/\/hotelallora.hu\/en\/wp-json\/wp\/v2\/comments?post=525"}],"version-history":[{"count":100,"href":"https:\/\/hotelallora.hu\/en\/wp-json\/wp\/v2\/pages\/525\/revisions"}],"predecessor-version":[{"id":9911,"href":"https:\/\/hotelallora.hu\/en\/wp-json\/wp\/v2\/pages\/525\/revisions\/9911"}],"wp:attachment":[{"href":"https:\/\/hotelallora.hu\/en\/wp-json\/wp\/v2\/media?parent=525"}],"curies":[{"name":"wp","href":"https:\/\/api.w.org\/{rel}","templated":true}]}}